{"id":5,"date":"2019-03-09T15:39:02","date_gmt":"2019-03-09T15:39:02","guid":{"rendered":"http:\/\/petrawill.de\/?page_id=5"},"modified":"2022-01-05T15:58:08","modified_gmt":"2022-01-05T14:58:08","slug":"ueber-mich","status":"publish","type":"page","link":"https:\/\/petrawill.de\/?page_id=5","title":{"rendered":"\u00dcber mich"},"content":{"rendered":"\n<figure class=\"wp-block-image is-resized\"><img loading=\"lazy\" src=\"http:\/\/petrawill.de\/wp-content\/uploads\/2019\/03\/Passbild.jpg\" alt=\"\" class=\"wp-image-6\" width=\"246\" height=\"313\" srcset=\"https:\/\/petrawill.de\/wp-content\/uploads\/2019\/03\/Passbild.jpg 528w, https:\/\/petrawill.de\/wp-content\/uploads\/2019\/03\/Passbild-236x300.jpg 236w\" sizes=\"(max-width: 246px) 100vw, 246px\" \/><\/figure>\n\n\n\n<p>Ich bin 1963 geboren, Mutter von 3 erwachsenen S\u00f6hnen und habe als ersten Beruf Arzthelferin gelernt.<\/p>\n\n\n\n<p>Schon als junge Mutter habe ich mich f\u00fcr die Hom\u00f6opathie interessiert und meine Kinder und Tiere so behandelt. Als ich dann aber selbst stark erkrankte, mir die Schulmedizin nicht helfen konnte, ich aber durch Hom\u00f6opathische Behandlung wieder gesund wurde, wollte ich diese Behandlungsmethode noch n\u00e4her kennenlernen und mich darin ausbilden lassen.<\/p>\n\n\n\n<p>Deshalb absolvierte ich<\/p>\n\n\n\n<ul><li>ein hom\u00f6opahisches Fernstudium bei Ils. 2009<\/li><li>insgesamt 3 \u00bd Jahre Fachausbildung Klassische Hom\u00f6opathie bei naturopath\u00ae, Darmstadt (SHZ-akkreditiert) einschlie\u00dflich Behandlung von Kurspatienten 2011 \u2013 2013 und 2016 \u2013 2017<\/li><li>Hom\u00f6opathie nach B\u00f6nninghausen<\/li><li>2 Jahre Ausbildung zum Heilpraktiker Okt. 2013 \u2013 Nov. 2015<\/li><li>Amts\u00e4rzliche Heilpraktikerpr\u00fcfung und beh\u00f6rdliche Zulassung durch das Gesundheitsamt Darmstadt Nov. 2015<\/li><li>Fortbildung Miasmatische Hom\u00f6opathie 2016 -2018<\/li><li>Ausbildung ISBT-BowenTherapy\u00ae 2018-2019<br>ISBT-Bowen Therapeut AC1 seit 2019<\/li><li>Grundkurs beratende Seelsorge Philippi Trust 2011<\/li><li>Aufbaukurs beratende Seelsorge Philippi Trust 2018-2020<br>Zertifikat, ACC zertifizierter Kurs<\/li><li>Supervision bei Heilpraktikerin Karen Lutze, Darmstadt<\/li><li>Mitglied im Verband Unabh\u00e4ngiger Heilpraktiker e. V.<\/li><\/ul>\n","protected":false},"excerpt":{"rendered":"<p>Ich bin 1963 geboren, Mutter von 3 erwachsenen S\u00f6hnen und habe als ersten Beruf Arzthelferin gelernt. Schon als junge Mutter habe ich mich f\u00fcr die Hom\u00f6opathie interessiert und meine Kinder und Tiere so behandelt. Als ich dann aber selbst stark erkrankte, mir die Schulmedizin nicht helfen konnte, ich aber durch Hom\u00f6opathische Behandlung wieder gesund wurde, &hellip; <\/p>\n<p class=\"link-more\"><a href=\"https:\/\/petrawill.de\/?page_id=5\" class=\"more-link\"><span class=\"screen-reader-text\">\u201e\u00dcber mich\u201c<\/span> weiterlesen<\/a><\/p>\n","protected":false},"author":1,"featured_media":0,"parent":0,"menu_order":0,"comment_status":"closed","ping_status":"closed","template":"","meta":[],"_links":{"self":[{"href":"https:\/\/petrawill.de\/index.php?rest_route=\/wp\/v2\/pages\/5"}],"collection":[{"href":"https:\/\/petrawill.de\/index.php?rest_route=\/wp\/v2\/pages"}],"about":[{"href":"https:\/\/petrawill.de\/index.php?rest_route=\/wp\/v2\/types\/page"}],"author":[{"embeddable":true,"href":"https:\/\/petrawill.de\/index.php?rest_route=\/wp\/v2\/users\/1"}],"replies":[{"embeddable":true,"href":"https:\/\/petrawill.de\/index.php?rest_route=%2Fwp%2Fv2%2Fcomments&post=5"}],"version-history":[{"count":9,"href":"https:\/\/petrawill.de\/index.php?rest_route=\/wp\/v2\/pages\/5\/revisions"}],"predecessor-version":[{"id":2399,"href":"https:\/\/petrawill.de\/index.php?rest_route=\/wp\/v2\/pages\/5\/revisions\/2399"}],"wp:attachment":[{"href":"https:\/\/petrawill.de\/index.php?rest_route=%2Fwp%2Fv2%2Fmedia&parent=5"}],"curies":[{"name":"wp","href":"https:\/\/api.w.org\/{rel}","templated":true}]}}