{"id":48,"date":"2019-03-09T18:44:38","date_gmt":"2019-03-09T17:44:38","guid":{"rendered":"http:\/\/petrawill.de\/?page_id=48"},"modified":"2019-03-09T18:44:38","modified_gmt":"2019-03-09T17:44:38","slug":"startseite","status":"publish","type":"page","link":"https:\/\/petrawill.de\/","title":{"rendered":"Startseite"},"content":{"rendered":"\n<p>Praxis f\u00fcr Naturheilkunde Petra Will<\/p>\n\n\n\n<p>Schwerpunkte meiner Praxis f\u00fcr Naturheilkunde sind klassische Hom\u00f6opathie, ISBT-BowenTherapy\u00ae und Gespr\u00e4chsbegleitung in schwierigen Lebensphasen.<\/p>\n\n\n\n<p>Sowohl die klasssische Hom\u00f6opathie und die BowenTherapy sind ganzheitliche Therapien, die den ganzen Menschen sehen: K\u00f6rper, Seele und Geist. Ich nehme mir Zeit f\u00fcr die Belange jedes Einzelnen.<\/p>\n\n\n\n<p style=\"text-align:center\"><strong>Ihre Gesundheit ist mir wichtig<\/strong><\/p>\n","protected":false},"excerpt":{"rendered":"<p>Praxis f\u00fcr Naturheilkunde Petra Will Schwerpunkte meiner Praxis f\u00fcr Naturheilkunde sind klassische Hom\u00f6opathie, ISBT-BowenTherapy\u00ae und Gespr\u00e4chsbegleitung in schwierigen Lebensphasen. Sowohl die klasssische Hom\u00f6opathie und die BowenTherapy sind ganzheitliche Therapien, die den ganzen Menschen sehen: K\u00f6rper, Seele und Geist. Ich nehme mir Zeit f\u00fcr die Belange jedes Einzelnen. Ihre Gesundheit ist mir wichtig<\/p>\n","protected":false},"author":1,"featured_media":0,"parent":0,"menu_order":0,"comment_status":"closed","ping_status":"closed","template":"","meta":[],"_links":{"self":[{"href":"https:\/\/petrawill.de\/index.php?rest_route=\/wp\/v2\/pages\/48"}],"collection":[{"href":"https:\/\/petrawill.de\/index.php?rest_route=\/wp\/v2\/pages"}],"about":[{"href":"https:\/\/petrawill.de\/index.php?rest_route=\/wp\/v2\/types\/page"}],"author":[{"embeddable":true,"href":"https:\/\/petrawill.de\/index.php?rest_route=\/wp\/v2\/users\/1"}],"replies":[{"embeddable":true,"href":"https:\/\/petrawill.de\/index.php?rest_route=%2Fwp%2Fv2%2Fcomments&post=48"}],"version-history":[{"count":1,"href":"https:\/\/petrawill.de\/index.php?rest_route=\/wp\/v2\/pages\/48\/revisions"}],"predecessor-version":[{"id":49,"href":"https:\/\/petrawill.de\/index.php?rest_route=\/wp\/v2\/pages\/48\/revisions\/49"}],"wp:attachment":[{"href":"https:\/\/petrawill.de\/index.php?rest_route=%2Fwp%2Fv2%2Fmedia&parent=48"}],"curies":[{"name":"wp","href":"https:\/\/api.w.org\/{rel}","templated":true}]}}