{"id":42,"date":"2019-03-09T18:34:48","date_gmt":"2019-03-09T17:34:48","guid":{"rendered":"http:\/\/petrawill.de\/?page_id=42"},"modified":"2019-03-09T18:36:47","modified_gmt":"2019-03-09T17:36:47","slug":"datenschutzerklaerung","status":"publish","type":"page","link":"https:\/\/petrawill.de\/?page_id=42","title":{"rendered":"Datenschutzerkl\u00e4rung"},"content":{"rendered":"\n<p><strong>Sinn der Datenschutzerkl\u00e4rung<\/strong><\/p>\n\n\n\n<p>Mit dem Besuch einer Website sind in der Regel Datenverarbeitungsprozesse verbunden, die Ihre pers\u00f6nlichen Daten betreffen k\u00f6nnen. Da Ihre pers\u00f6nlichen Daten besonders sch\u00fctzenswert sind, gibt es nach Art. 13 und 14 der europ\u00e4ischen Datenschutzgrundverordnung (EU-DSGVO) eine Informationspflicht hierzu f\u00fcr jeden Website-Betreiber. Diese Datenschutzerkl\u00e4rung sollen die Nutzer dieser Website gem\u00e4\u00df Bundesdatenschutzgesetz und Telemediengesetz \u00fcber die Art, den Umfang und den Zweck der Erhebung und Verwendung personenbezogener Daten durch den Websitebetreiber \u00fcber die Rechte der Nutzer informieren.<\/p>\n\n\n\n<p>Ich nehme Ihren Datenschutz sehr ernst und behandle Ihre personenbezogenen Daten vertraulich und entsprechend der gesetzlichen Vorschriften.<\/p>\n\n\n\n<p>Bitte bedenken Sie, dass es bei Daten\u00fcbertragung im Internet grunds\u00e4tzlich Sicherheitsl\u00fccken geben kann. Ein vollumf\u00e4nglicher Schutz vor dem Zugriff durch Fremde ist nicht realisierbar.<\/p>\n\n\n\n<p><strong>Grunds\u00e4tzliche Erl\u00e4uterungen zum Datenschutz<\/strong><\/p>\n\n\n\n<p>I.1.a) Verantwortlicher f\u00fcr die Datenverarbeitung auf dieser Website: Als Betreiberin dieser Website bin ich, Petra Will, verantwortlich f\u00fcr die Datenverarbeitung, die Ihnen durch den Besuch auf dieser Website entsteht. Alle Angaben \u00fcber mich finden Sie im Impressum dieser Website.<\/p>\n\n\n\n<p>I.2. Geltungsbereich: Diese Datenschutzerkl\u00e4rung soll die Nutzer dieser Website gem\u00e4\u00df Bundesdatenschutzgesetz und Telemediengesetz \u00fcber die Art, den Umfang und den Zweck der Erhebung und Verwendung personenbezogener Daten durch den Websitebetreiber [Ihre Kontaktdaten einf\u00fcgen] informieren.<\/p>\n\n\n\n<p>I.3. Zugriffsdaten: Was sind personenbezogener Daten und wie werden sie auf dieser Website verarbeitet?<br>Personenbezogene Daten sind alle Daten, die Sie pers\u00f6nlich identifizierbar machen k\u00f6nnen, beispielweise Ihr Name, Ihre Anschrift oder Ihre E-Mail-Adresse. Nicht-personenbezogene Daten obliegen nicht dem Datenschutzgesetz und k\u00f6nnen in anonymisierter Form gespeichert und verarbeitet werden.<br>Beim Aufrufen meiner Website www.petrawill.de werden durch den auf Ihrem Endger\u00e4t zum Einsatz kommenden Browser automatisch Informationen an den Server meiner Website gesendet. Diese Informationen werden tempor\u00e4r in einem sog. Logfile gespeichert. Folgende Informationen werden dabei ohne Ihr Zutun durch den Provider, die Strato AG, Pascalstra\u00dfe 10, 10587 Berlin vor\u00fcbergehend  in einer Protokolldatei erfasst und bis zur automatisierten L\u00f6schung gespeichert:<br>IP-Adresse des anfragenden Rechners<br>Datum und Uhrzeit des Zugriffs<br>Inhalt der Anforderung (konkrete Seite)<br>Zugriffsstatus\/HTTP-Statuscode<br>jeweils \u00fcbertragene Datenmenge                       ?<br>Name und URL der abgerufenen Datei<br>Website, von der aus der Zugriff erfolgt (Referrer-URL),<br>verwendeter Browser und ggf. das Betriebssystem Ihres Rechners sowie der Name Ihres Access-Providers<br>Sprache und Version der Browsersoftware.<\/p>\n\n\n\n<p>Weitere Daten werden dadurch erhoben, dass Sie mir diese mitteilen, zum Beispiel durch die Benutzung meines Kontaktformulars.<\/p>\n\n\n\n<p>Dar\u00fcber hinaus setze ich beim Besuch meiner Website Cookies sowie Analysedienste ein. N\u00e4here Erl\u00e4uterungen dazu erhalten Sie weiter unten unter den Ziff. II.1. und II.2. dieser Datenschutzerkl\u00e4rung.<\/p>\n\n\n\n<p>Die Rechtsgrundlage f\u00fcr die Datenverarbeitung ist Art. 6 Abs. 1 S. 1 f DSGVO.<\/p>\n\n\n\n<p>Ich weise darauf hin, dass die Daten\u00fcbertragung im Internet (z.B. bei der Kommunikation per E-Mail) Sicherheitsl\u00fccken aufweisen kann. Ein l\u00fcckenloser Schutz der Daten vor dem Zugriff durch Dritte ist nicht m\u00f6glich.<\/p>\n\n\n\n<p>I.4. Zweck der Datenerfassung und Weitergabe von Daten: Die genannten Daten verarbeite ich, um Ihnen meine Website anzuzeigen und dabei Stabilit\u00e4t und Sicherheit zu gew\u00e4hrleisten. Insbesondere werden die Daten ben\u00f6tigt<br>zur Gew\u00e4hrleistung eines reibungslosen Verbindungsaufbaus der Website<br>zur Gew\u00e4hrleistung einer komfortablen Nutzung meiner Website<br>zur Auswertung der Systemsicherheit und -stabilit\u00e4t sowie<br>zu weiteren administrativen Zwecken.<br>Eine \u00dcbermittlung Ihrer pers\u00f6nlichen Daten an Dritte zu anderen als den im Folgenden aufgef\u00fchrten Zwecken findet nicht statt.<\/p>\n\n\n\n<p>Ich gebe Ihre pers\u00f6nlichen Daten nur an Dritte weiter, wenn:<\/p>\n\n\n\n<p>Sie Ihre nach Art. 6 Abs. 1 S. 1 a DSGVO ausdr\u00fcckliche Einwilligung dazu erteilt haben, die Weitergabe nach Art. 6 Abs. 1 S. 1 f DSGVO zur Geltendmachung, Aus\u00fcbung oder Verteidigung von Rechtsanspr\u00fcchen erforderlich ist und kein Grund zur Annahme besteht, dass Sie ein \u00fcberwiegendes schutzw\u00fcrdiges Interesse an der Nichtweitergabe Ihrer Daten haben,<br> f\u00fcr den Fall, dass f\u00fcr die Weitergabe nach Art. 6 Abs. 1 S. 1 c DSGVO eine gesetzliche Verpflichtung besteht, sowie<br>dies gesetzlich zul\u00e4ssig und nach Art. 6 Abs. 1 S. 1 b DSGVO f\u00fcr die Abwicklung von Vertragsverh\u00e4ltnissen mit Ihnen erforderlich ist.<\/p>\n\n\n\n<p><strong>Detailinformationen zur Datenerhebung auf dieser Website<\/strong><\/p>\n\n\n\n<p>II.1.  Technisch notwendige Cookies: Ich setze auf meiner Website Cookies ein. Hierbei handelt es sich um kleine Dateien, die Ihr Browser automatisch erstellt und die auf Ihrem Endger\u00e4t (Laptop, Tablet, Smartphone o.\u00e4.) gespeichert werden, wenn Sie meine Seite besuchen. Cookies richten auf Ihrem Endger\u00e4t keinen Schaden an, enthalten keine Viren, Trojaner oder sonstige Schadsoftware.<\/p>\n\n\n\n<p>In dem Cookie werden Informationen abgelegt, die sich jeweils im Zusammenhang mit dem spezifisch eingesetzten Endger\u00e4t ergeben. Dies bedeutet jedoch nicht, dass ich dadurch Kenntnis von Ihrer Identit\u00e4t erhalte.<\/p>\n\n\n\n<p>Der Einsatz von Cookies dient einerseits dazu, die Nutzung meines Angebots f\u00fcr Sie angenehmer zu gestalten. So setze ich sogenannte Session-Cookies ein, um zu erkennen, dass Sie einzelne Seiten meiner Website bereits besucht haben. Diese werden nach Verlassen meiner Seite automatisch gel\u00f6scht.<\/p>\n\n\n\n<p>Dar\u00fcber hinaus setze ich ebenfalls zur Optimierung der Benutzerfreundlichkeit tempor\u00e4re Cookies ein, die f\u00fcr einen bestimmten festgelegten Zeitraum auf Ihrem Endger\u00e4t gespeichert werden. Besuchen Sie meine Seite erneut, um die Dienste in Anspruch zu nehmen, wird automatisch erkannt, dass Sie bereits bei mir waren und welche Eingaben und Einstellungen sie get\u00e4tigt haben, um diese nicht noch einmal eingeben zu m\u00fcssen.<\/p>\n\n\n\n<p>Die durch Cookies verarbeiteten Daten sind f\u00fcr die genannten Zwecke zur Wahrung meiner berechtigten Interessen sowie der Dritter nach Art. 6 Abs. 1 S. 1 f DSGVO erforderlich.<\/p>\n\n\n\n<p>Die meisten Browser akzeptieren Cookies automatisch. Sie k\u00f6nnen Ihren Browser jedoch so konfigurieren, dass keine Cookies auf Ihrem Computer gespeichert werden oder stets ein Hinweis erscheint, bevor ein neuer Cookie angelegt wird. Die vollst\u00e4ndige Deaktivierung von Cookies kann jedoch dazu f\u00fchren, dass Sie nicht alle Funktionen meiner Website nutzen k\u00f6nnen.<\/p>\n\n\n\n<p>II.2.  Technisch nicht notwendige Cookies<br>II.2.a. Datenschutzbestimmungen zu Einsatz und Verwendung von Analyse-Tools<br>Die im Folgenden aufgef\u00fchrten und von mir eingesetzten Tracking-Ma\u00dfnahmen werden auf Grundlage des Art. 6 Abs. 1 S. 1 f DSGVO durchgef\u00fchrt. Mit den zum Einsatz kommenden Tracking-Ma\u00dfnahmen m\u00f6chte ich eine bedarfsgerechte Gestaltung und die fortlaufende Optimierung meiner Website sicherstellen. Zum anderen werden die Tracking-Ma\u00dfnahmen eingesetzt, um die Nutzung meiner Website statistisch zu erfassen und zum Zwecke der Optimierung meines Angebotes f\u00fcr Sie auszuwerten. Diese Interessen sind als berechtigt im Sinne der vorgenannten Vorschrift anzusehen.<\/p>\n\n\n\n<p>F\u00fcr meine Website benutze ich einen Webanalysedienst der Strato AG. Dieser  Webanalysedienst verwendet sog. \u201eCookies\u201c, Textdateien, die auf Ihrem Computer gespeichert werden und die eine Analyse der Benutzung der Website durch Sie erm\u00f6glicht.<\/p>\n\n\n\n<p>Die durch den Cookie erzeugten Informationen \u00fcber Ihre Benutzung dieser Website (einschlie\u00dflich Ihrer IP-Adresse) werden an einen Server der Strato AG \u00fcbertragen und dort gespeichert. Die  Strato AG wird diese Informationen benutzen, um Ihre Nutzung der Website auszuwerten, um Reports \u00fcber die Websiteaktivit\u00e4ten f\u00fcr die Websitebetreiber zusammenzustellen und um weitere mit der Websitenutzung und der Internetnutzung verbundene Dienstleistungen zu erbringen. Auch wird die Strato AG  diese Informationen gegebenenfalls an Dritte \u00fcbertragen, sofern dies gesetzlich vorgeschrieben oder soweit Dritte diese Daten im Auftrag der Strato AG verarbeiten.<\/p>\n\n\n\n<p>Die Strato AG  wird Ihre IP-Adresse nicht mit anderen Daten der Strato AG in Verbindung bringen.<\/p>\n\n\n\n<p>II.3. Kontaktaufnahme per E-Mail<\/p>\n\n\n\n<p>Sie k\u00f6nnen mit mir auch per E-Mail Kontakt aufnehmen (SSL-Verschl\u00fcsselung). Wenn Sie mir eine E-Mail schreiben, werden die von Ihnen mitgeteilten Daten (z.B. Ihre E-Mail-Adresse, ggf. Ihren Namen und Ihre Telefonnummer), zun\u00e4chst gespeichert, um Ihre Fragen zu beantworten. Ist eine Speicherung nicht mehr erforderlich, l\u00f6sche ich die erhobenen personenbezogenen Daten. Falls eine gesetzliche Aufbewahrungspflicht besteht, schr\u00e4nke ich die Verarbeitung ein. Ohne Ihre Einwilligung werden diese Daten nicht an Dritte weitergegeben.<\/p>\n\n\n\n<p>Die Rechtsgrundlage f\u00fcr die Datenverarbeitung zum Zwecke der Kontaktaufnahme ergibt sich aus Art. 6 Abs. 1 S. 1 DSGVO.<\/p>\n\n\n\n<p><strong>III.  Betroffenenrechte<\/strong><\/p>\n\n\n\n<p>Hinsichtlich Ihres Datenschutzes haben Sie das Recht,<\/p>\n\n\n\n<p>gem\u00e4\u00df Art. 15 DSGVO Auskunft \u00fcber Ihre von mir verarbeiteten personenbezogenen Daten zu verlangen. Insbesondere k\u00f6nnen Sie Auskunft \u00fcber die Verarbeitungszwecke, die Kategorie der personenbezogenen Daten, die Kategorien von Empf\u00e4ngern, gegen\u00fcber denen Ihre Daten offen gelegt wurden oder werden, die geplante Speicherdauer, das Bestehen eines Recht auf Berichtigung, L\u00f6schung, Einschr\u00e4nkung der Verarbeitung oder Widerspruch, das Bestehen eines Beschwerderechts, die Herkunft Ihrer Daten verlangen;<\/p>\n\n\n\n<p>gem\u00e4\u00df Art. 17 DSGVO die L\u00f6schung Ihrer bei mir gespeicherten personenbezogenen Daten zu verlangen, soweit nicht die Verarbeitung zur Aus\u00fcbung des Rechts auf freie Meinungs\u00e4u\u00dferung und Information, zur Erf\u00fcllung einer rechtlichen Verpflichtung, Gr\u00fcnden des \u00f6ffentlichen Interesses oder zur Geltendmachung, Aus\u00fcbung oder Verteidigung von Rechtsanspruch Chen erforderlich ist;<\/p>\n\n\n\n<p>gem\u00e4\u00df Art. 18 DSGVO die Einschr\u00e4nkung der Verarbeitung Ihrer personenbezogenen Daten zu verlangen, soweit die Richtigkeit der Daten von Ihnen bestritten wird, die Verarbeitung unrechtm\u00e4\u00dfig ist, Sie aber deren L\u00f6schung ablehnen und wir die Daten nicht mehr ben\u00f6tigen, Sie jedoch diese zur Geltendmachung, Aus\u00fcbung oder Verteidigung von Rechtsanspr\u00fcchen ben\u00f6tigen oder Sie gem\u00e4\u00df Art. 21 DSGVO Widerspruch gegen die Verarbeitung eingelegt haben;<\/p>\n\n\n\n<p>gem\u00e4\u00df Art. 20 DSGVO Ihre personenbezogenen Daten, die Sie mir bereitgestellt haben, in einem strukturierten, g\u00e4ngigen und maschinenlesbarem Format zu erhalten oder die \u00dcbermittlung an einen anderen Verantwortlichen zu verlangen;<\/p>\n\n\n\n<p>gem\u00e4\u00df Art. 7 Abs. 3 DSGVO Ihre einmal erteilte Einwilligung zu jederzeit gegen\u00fcber mir zu widerrufen. Dies hat zur Folge, dass ich die Datenverarbeitung, die auf dieser Einwilligung beruhte, f\u00fcr die Zukunft nicht mehr fortf\u00fchren darf und<\/p>\n\n\n\n<p>gem\u00e4\u00df Art. 77 DSGVO sich bei einer Aufsichtsbeh\u00f6rde zu beschweren. In der Regel k\u00f6nnen Sie sich hierf\u00fcr an die Aufsichtsbeh\u00f6rde ihres \u00fcblichen Aufenthaltsortes oder Arbeitsplatzes oder meines Praxissitzes Kanzleisitzes wenden.<\/p>\n\n\n\n<p><strong>IV.  Datensicherheit<\/strong><\/p>\n\n\n\n<p>Innerhalb des Website \u2013 Besuchs verwenden wir das SSL \u2013 Verfahren (Secure Socket Layer) in Verbindung mit der jeweils h\u00f6chsten Verschl\u00fcsselungsstufe, die von Ihrem Browser unterst\u00fctzt wird. In der Regel handelt es sich dabei um eine 256 Bit Verschl\u00fcsselung. Falls Ihr Browser keine 256 \u2013 Bit Verschl\u00fcsselung unterst\u00fctzt, greifen wir stattdessen auf 128 \u2013 Bit v3 Technologie zur\u00fcck. Ob eine einzelne Seite unseres Internetauftritts verschl\u00fcsselt \u00fcbertragen wird, erkennen Sie an der geschlossenen Darstellung des Schl\u00fcssels \u2013 bzw. Schloss \u2013 Symbols in der unteren Statusleiste Ihres Browsers.<\/p>\n\n\n\n<p>Wir bedienen uns im \u00dcbrigen geeigneter technischer und organisatorischer Sicherheitsma\u00dfnahmen, um die Daten gegen zuf\u00e4llige oder vors\u00e4tzliche Manipulationen, teilweisen oder vollst\u00e4ndigen Verlust, Zerst\u00f6rung oder gegen den unbefugten Zugriff Dritter zu sch\u00fctzen. Unsere Sicherheitsma\u00dfnahmen werden entsprechend der technologischen Entwicklung fortlaufend verbessert.<\/p>\n\n\n\n<p><strong>V.  Widerspruchsrecht und Beseitigungsm\u00f6glichkeit<\/strong><\/p>\n\n\n\n<p>Sofern Ihre personenbezogenen Daten auf Grundlage von berechtigten Interessen gem\u00e4\u00df Art. 6 Abs. 1 S. 1 lit. f DSGVO verarbeitet werden, haben Sie das Recht, gem\u00e4\u00df Art. 21 DSGVO Widerspruch gegen die Verarbeitung Ihrer personenbezogenen Daten einzulegen, soweit daf\u00fcr Gr\u00fcnde vorliegen, die sich aus Ihrer besonderen Situation ergeben oder sich der Widerspruch gegen Direktwerbung richtet. Im letzteren Fall haben Sie ein generelles Widerspruchsrecht, das ohne Angabe einer besonderen Situation von mir umgesetzt wird.<\/p>\n\n\n\n<p>M\u00f6chten Sie von Ihrem Widerrufs- oder Widerspruchsrecht Gebrauch machen, gen\u00fcgt eine E-Mail an praxis (at) petrawill.de (bitte ersetzen Sie (at) durch @). Beachten Sie dazu die Anmerkungen unter Ziff. II.3.<\/p>\n\n\n\n<p><strong>VI. Aktualit\u00e4t und \u00c4nderung dieser Datenschutzerkl\u00e4rung<\/strong><\/p>\n\n\n\n<p>Diese Datenschutzerkl\u00e4rung ist aktuell g\u00fcltig und hat den Stand Mai 2018.<\/p>\n\n\n\n<p>Durch die Weiterentwicklung meiner Website und der von mir bereitgestellten Angebote oder aufgrund ge\u00e4nderter gesetzlicher, beziehungsweise beh\u00f6rdlicher Vorgaben kann es notwendig werden, diese Datenschutzerkl\u00e4rung zu \u00e4ndern. Die jeweils aktuelle Datenschutzerkl\u00e4rung kann jederzeit auf der Website unter https:\/\/www.petrawill.de von Ihnen abgerufen und ausgedruckt werden.<\/p>\n\n\n<p><!--EndFragment--><br>\n<br>\n<\/p>","protected":false},"excerpt":{"rendered":"<p>Sinn der Datenschutzerkl\u00e4rung Mit dem Besuch einer Website sind in der Regel Datenverarbeitungsprozesse verbunden, die Ihre pers\u00f6nlichen Daten betreffen k\u00f6nnen. Da Ihre pers\u00f6nlichen Daten besonders sch\u00fctzenswert sind, gibt es nach Art. 13 und 14 der europ\u00e4ischen Datenschutzgrundverordnung (EU-DSGVO) eine Informationspflicht hierzu f\u00fcr jeden Website-Betreiber. Diese Datenschutzerkl\u00e4rung sollen die Nutzer dieser Website gem\u00e4\u00df Bundesdatenschutzgesetz und Telemediengesetz &hellip; <\/p>\n<p class=\"link-more\"><a href=\"https:\/\/petrawill.de\/?page_id=42\" class=\"more-link\"><span class=\"screen-reader-text\">\u201eDatenschutzerkl\u00e4rung\u201c<\/span> weiterlesen<\/a><\/p>\n","protected":false},"author":1,"featured_media":0,"parent":0,"menu_order":0,"comment_status":"closed","ping_status":"closed","template":"","meta":[],"_links":{"self":[{"href":"https:\/\/petrawill.de\/index.php?rest_route=\/wp\/v2\/pages\/42"}],"collection":[{"href":"https:\/\/petrawill.de\/index.php?rest_route=\/wp\/v2\/pages"}],"about":[{"href":"https:\/\/petrawill.de\/index.php?rest_route=\/wp\/v2\/types\/page"}],"author":[{"embeddable":true,"href":"https:\/\/petrawill.de\/index.php?rest_route=\/wp\/v2\/users\/1"}],"replies":[{"embeddable":true,"href":"https:\/\/petrawill.de\/index.php?rest_route=%2Fwp%2Fv2%2Fcomments&post=42"}],"version-history":[{"count":2,"href":"https:\/\/petrawill.de\/index.php?rest_route=\/wp\/v2\/pages\/42\/revisions"}],"predecessor-version":[{"id":46,"href":"https:\/\/petrawill.de\/index.php?rest_route=\/wp\/v2\/pages\/42\/revisions\/46"}],"wp:attachment":[{"href":"https:\/\/petrawill.de\/index.php?rest_route=%2Fwp%2Fv2%2Fmedia&parent=42"}],"curies":[{"name":"wp","href":"https:\/\/api.w.org\/{rel}","templated":true}]}}