{"id":2,"date":"2016-05-10T03:48:21","date_gmt":"2016-05-10T03:48:21","guid":{"rendered":"http:\/\/petrawill.de\/?page_id=2"},"modified":"2021-02-01T20:50:14","modified_gmt":"2021-02-01T19:50:14","slug":"sample-page","status":"publish","type":"page","link":"https:\/\/petrawill.de\/?page_id=2","title":{"rendered":"Therapien"},"content":{"rendered":"<p>Schwerpunkte meiner Praxis f\u00fcr Naturheilkunde sind klassische Hom\u00f6opathie, ISBT-BowenTherapy\u00ae und Gespr\u00e4chsbegleitung in schwierigen Lebensphasen.<\/p>\n<p>Bitte planen Sie f\u00fcr unsere erste <strong>hom\u00f6opathische Behandlung<\/strong> etwa ein bis zwei Stunden Zeit ein. Wir besprechen Ihre aktuellen Beschwerden und auch die bisherige Krankengeschichte. Schulmedizinische Befunde erg\u00e4nzen diese Erstanamnese. Bei Bedarf veranlasse ich weitere Untersuchungen. Im Anschluss sehen wir uns in mehrw\u00f6chigen Abst\u00e4nden. Hierf\u00fcr ben\u00f6tigen wir je nach Bedarf etwa 15 bis 60 Minuten.<\/p>\n<hr \/>\n<p>F\u00fcr unsere <strong>BowenTherapy-Behandlung<\/strong> planen Sie bitte ein bis eineinhalb Stunden ein. Die darauf folgenden Behandlungen dauern etwa 45 Minuten und finden in der Regel w\u00f6chentlich bis monatlich statt.<\/p>\n<hr \/>\n<p>Die <strong>Hom\u00f6opathie<\/strong> kann vielseitig angewendet werden:<\/p>\n<ul>\n<li>Magen-Darm-Erkrankungen<\/li>\n<li>Beschwerden durch Schilddr\u00fcsenerkrankungen, begleitend zur Schulmedizin<\/li>\n<li>Wechseljahresbeschwerden<\/li>\n<li>Rezidivierende Infekte, insbesondere der Atemwege, dem Verdauungstrakt, der Harnwege<\/li>\n<li>Allergien oder Hauterkrankungen<\/li>\n<li>Schlafst\u00f6rungen oder Stimmungsschwankungen<\/li>\n<li>Muskel-, R\u00fccken- oder Gelenkbeschwerden<\/li>\n<li>Sportverletzungen, Unfallfolgen<br \/>&#8230;und vieles andere mehr<\/li>\n<\/ul>\n<hr \/>\n<p><span style=\"font-size: medium;\"><img loading=\"lazy\" class=\"wp-image-112 alignleft\" src=\"http:\/\/petrawill.de\/wp-content\/uploads\/2021\/01\/ISBT-Logo-original-1-300x271.jpeg\" alt=\"Logo BowenTherapy\" width=\"173\" height=\"157\" srcset=\"https:\/\/petrawill.de\/wp-content\/uploads\/2021\/01\/ISBT-Logo-original-1-300x271.jpeg 300w, https:\/\/petrawill.de\/wp-content\/uploads\/2021\/01\/ISBT-Logo-original-1.jpeg 532w\" sizes=\"(max-width: 173px) 100vw, 173px\" \/>Die<\/span><span style=\"font-size: medium;\"><b> ISBT-BOWEN Therapie\u00ae <\/b><\/span><span style=\"font-size: medium;\">ist eine aus Australien stammende sehr effektive Behandlungsmethode. Es handelt sich um eine sanfte manuelle ausgef\u00fchrte Technik direkt am K\u00f6rper des Patienten. Der Grundgedanke der Bowen-Therapie \u00e4hnelt der Osteopathie. <\/span><span style=\"font-size: medium;\"><b>Kleine Bewegungen \u2013 gro\u00dfe Wirkung.<\/b><\/span><span style=\"font-size: medium;\"> Mit sogenannten Moves, das sind in der Regel rollende Bewegungen werden an Muskel, Sehnen, B\u00e4ndern oder Bindegewebe (Fasziengewebe), kleine gezielte Impulse gesetzt, die dem K\u00f6rper helfen k\u00f6nnen sein Selbstheilungssystem zu aktivieren und ihn wieder in die Balance zu bringen.<\/span><\/p>\n<p><span style=\"font-size: medium;\"><b><img loading=\"lazy\" class=\"size-medium wp-image-135 alignleft\" src=\"http:\/\/petrawill.de\/wp-content\/uploads\/2021\/02\/ISBT-4-254x300.png\" alt=\"\" width=\"254\" height=\"300\" srcset=\"https:\/\/petrawill.de\/wp-content\/uploads\/2021\/02\/ISBT-4-254x300.png 254w, https:\/\/petrawill.de\/wp-content\/uploads\/2021\/02\/ISBT-4.png 314w\" sizes=\"(max-width: 254px) 100vw, 254px\" \/>Das Fasziensystem<\/b><\/span><span style=\"font-size: medium;\"> durchzieht den gesamten K\u00f6rper wie ein Netz. Sowohl Muskeln und Sehnen als auch Knochen und innere Organe sind von diesen faserigen H\u00fcllen umgeben, die dort wichtige Funktionen erf\u00fcllen. Sie formen unseren K\u00f6rper und sind entscheidend f\u00fcr die Gesamtbeweglichkeit des Menschen. Diese Strukturen k\u00f6nnen verkleben und erstarren, dies geschieht durch Verletzungen, Entz\u00fcndungen, Fehlhaltungen, Stress oder \u00e4hnliches, was zu Schmerzen und Bewegungseinschr\u00e4nkungen auch in anderen K\u00f6rperteilen f\u00fchren kann.<\/span><\/p>\n<p><span style=\"font-size: medium;\"><b>Die Behandlung:<\/b><\/span><\/p>\n<p><span style=\"font-size: medium;\"><img loading=\"lazy\" class=\"alignleft wp-image-136\" src=\"http:\/\/petrawill.de\/wp-content\/uploads\/2021\/02\/ISBT-2-300x150.png\" alt=\"\" width=\"254\" height=\"127\" srcset=\"https:\/\/petrawill.de\/wp-content\/uploads\/2021\/02\/ISBT-2-300x150.png 300w, https:\/\/petrawill.de\/wp-content\/uploads\/2021\/02\/ISBT-2.png 396w\" sizes=\"(max-width: 254px) 100vw, 254px\" \/>Ziel der Bowen-Therapie ist es die Blockaden zu ertasten und zu regulieren. Ist der K\u00f6rper in der Lage den Impuls aufzunehmen, kann er mit Entspannung, Nervendruckreduzierung, Schmerzreduktion und einer Funktionsverbesserung der nat\u00fcrlichen Abl\u00e4ufe im ganzen System reagieren. Zus\u00e4tzlich wird ein ausgleichender Effekt auf das vegetative Nervensystem und bei viszeralen Beschwerden (die Organe betreffend) beobachtet.<\/span><\/p>\n<p><span style=\"font-size: medium;\"><b>Anwendungsgebiete:<\/b><\/span><\/p>\n<ul>\n<li><span style=\"font-size: medium;\">Akute und chronische R\u00fcckenschmerzen<\/span><\/li>\n<li><span style=\"font-size: medium;\">Muskelverspannungen<\/span><\/li>\n<li><span style=\"font-size: medium;\">Nacken- und Schulterbeschwerden<\/span><\/li>\n<li><span style=\"font-size: medium;\">Ischialgie<\/span><\/li>\n<li><span style=\"font-size: medium;\">Bandscheibenbeschwerden<\/span><\/li>\n<li><span style=\"font-size: medium;\">Wirbels\u00e4ulenverkr\u00fcmmung<\/span><\/li>\n<li><span style=\"font-size: medium;\">Rheumatische Beschwerden<\/span><\/li>\n<li><span style=\"font-size: medium;\">Kopfschmerzen, Migr\u00e4ne<\/span><\/li>\n<li><span style=\"font-size: medium;\">Kiefergelenksbeschwerden, Z\u00e4hneknirschen<\/span><\/li>\n<li><span style=\"font-size: medium;\">Nervenentz\u00fcndungen<\/span><\/li>\n<li><span style=\"font-size: medium;\">Karpaltunnelsyndrom, Epicondylitiden wie Tennisarm, Golfarm, Mausarm <\/span><\/li>\n<li><a name=\"_GoBack\"><\/a> <span style=\"font-size: medium;\">Hallux valgus (Schiefstand der gro\u00dfen Zehe), Hammerzehen, Fersensporn<\/span><\/li>\n<li><span style=\"font-size: medium;\">Gyn\u00e4kologische Beschwerden wie hormonelle St\u00f6rungen, Menstruationsbeschwerden, ect.<\/span><\/li>\n<li><span style=\"font-size: medium;\">Lymphstau<\/span><\/li>\n<li><span style=\"font-size: medium;\">Verdauungsbeschwerden, Verstopfungen, Durchfall, Reizdarm<\/span><\/li>\n<li><span style=\"font-size: medium;\">Inkontinenz<\/span><\/li>\n<li><span style=\"font-size: medium;\">Asthma<\/span><\/li>\n<li><span style=\"font-size: medium;\">Stressbelastung\/Ersch\u00f6pfungssyndrom<\/span><\/li>\n<li><span style=\"font-size: medium;\">Begleittherapie bei neurologischen Erkrankungen wie Multipler Sklerose, Parkinson, nach Schlaganfall<\/span><\/li>\n<li><span style=\"font-size: medium;\">Allgemeine Gesundheitsvorsorge, auch bei Kindern und Jugendlichen mit Haltungssch\u00e4den<\/span><\/li>\n<li><span style=\"font-size: medium;\">Zur allgemeinen Gesundheitsvorsorge und Regulation.<\/span><\/li>\n<\/ul>\n<p><span style=\"font-size: medium;\">Grunds\u00e4tzlich kann die Bowen-Therapie bei allen Menschen, vom S\u00e4ugling bis ins hohe Alter angewendet werden. Lediglich in den ersten Schwangerschaftsmonaten sollten nicht alle Moves zur Anwendung kommen. Ich berate sie deshalb gerne ausf\u00fchrlich und individuell.<\/span><\/p>\n<hr \/>\n<p>\u00a0<\/p>\n\n\n<blockquote class=\"wp-block-quote\"><p><strong>\u201eNichts \u00e4ndert sich, bis man sich selbst ver\u00e4ndert<br>und pl\u00f6tzlich \u00e4ndert sich alles.\u201c<\/strong><\/p><cite>Verfasser unbekannt<\/cite><\/blockquote>\n\n\n\n<p>In meiner seelsorgerlichen Lebensberatung biete ich ihnen die M\u00f6glichkeit verschiedene Lebensthemen zu besprechen. Ich bin bestrebt, gemeinsam mit ihnen, dem Ratsuchenden, eine Atmosph\u00e4re zu schaffen, die ihnen ein Gef\u00fchl von Sicherheit und Geborgenheit, W\u00e4rme, Anteilnahme und Akzeptanz vermittelt. Ich respektiere ihr Recht auf eigene Entscheidungen, sowie die Wahl des eigenen Weges.<br>In den Gespr\u00e4chen haben sie die M\u00f6glichkeit ihre Situation anzuschauen und selbst ihre eigenen L\u00f6sungen zu erarbeiten.<br>Die Beratungsgespr\u00e4che unterliegen, wie meine ganze T\u00e4tigkeit als Heilpraktikerin, der Schweigepflicht und sind vertraulich.<br>Meine Beratung steht Jeder und Jedem offen, unabh\u00e4nig von Religion, Nationalit\u00e4t und Geschlecht.<br>Ein Beratungsgespr\u00e4ch dauert in der Regel 60 \u2013 90 Minuten.<\/p>\n","protected":false},"excerpt":{"rendered":"<p>Schwerpunkte meiner Praxis f\u00fcr Naturheilkunde sind klassische Hom\u00f6opathie, ISBT-BowenTherapy\u00ae und Gespr\u00e4chsbegleitung in schwierigen Lebensphasen. Bitte planen Sie f\u00fcr unsere erste hom\u00f6opathische Behandlung etwa ein bis zwei Stunden Zeit ein. Wir besprechen Ihre aktuellen Beschwerden und auch die bisherige Krankengeschichte. Schulmedizinische Befunde erg\u00e4nzen diese Erstanamnese. Bei Bedarf veranlasse ich weitere Untersuchungen. Im Anschluss sehen wir uns &hellip; <\/p>\n<p class=\"link-more\"><a href=\"https:\/\/petrawill.de\/?page_id=2\" class=\"more-link\"><span class=\"screen-reader-text\">\u201eTherapien\u201c<\/span> weiterlesen<\/a><\/p>\n","protected":false},"author":1,"featured_media":0,"parent":0,"menu_order":0,"comment_status":"closed","ping_status":"open","template":"","meta":[],"_links":{"self":[{"href":"https:\/\/petrawill.de\/index.php?rest_route=\/wp\/v2\/pages\/2"}],"collection":[{"href":"https:\/\/petrawill.de\/index.php?rest_route=\/wp\/v2\/pages"}],"about":[{"href":"https:\/\/petrawill.de\/index.php?rest_route=\/wp\/v2\/types\/page"}],"author":[{"embeddable":true,"href":"https:\/\/petrawill.de\/index.php?rest_route=\/wp\/v2\/users\/1"}],"replies":[{"embeddable":true,"href":"https:\/\/petrawill.de\/index.php?rest_route=%2Fwp%2Fv2%2Fcomments&post=2"}],"version-history":[{"count":18,"href":"https:\/\/petrawill.de\/index.php?rest_route=\/wp\/v2\/pages\/2\/revisions"}],"predecessor-version":[{"id":144,"href":"https:\/\/petrawill.de\/index.php?rest_route=\/wp\/v2\/pages\/2\/revisions\/144"}],"wp:attachment":[{"href":"https:\/\/petrawill.de\/index.php?rest_route=%2Fwp%2Fv2%2Fmedia&parent=2"}],"curies":[{"name":"wp","href":"https:\/\/api.w.org\/{rel}","templated":true}]}}