{"id":15,"date":"2019-03-09T16:03:25","date_gmt":"2019-03-09T16:03:25","guid":{"rendered":"http:\/\/petrawill.de\/?page_id=15"},"modified":"2019-09-07T18:32:58","modified_gmt":"2019-09-07T17:32:58","slug":"wichtig","status":"publish","type":"page","link":"https:\/\/petrawill.de\/?page_id=15","title":{"rendered":"Sonstiges"},"content":{"rendered":"\n<p>Sie erhalten von mir eine Privatrechnung, welche Sie ggf. bei Ihrer privaten Kranken- oder Zusatzversicherung einreichen k\u00f6nnen. Ob und in welcher H\u00f6he Sie dort eine Erstattung erhalten, ist abh\u00e4ngig von Ihrem Tarif.<\/p>\n\n\n\n<p>Meine Praxis ist eine Bestellpraxis.<\/p>\n\n\n\n<p>Zur Terminvereinbarung rufen Sie mich einfach an: Telefon 06257 \/ 9915820 oder Sie schreiben mir eine Nachricht: <a href=\"http:\/\/petrawill.de\/?page_id=10\">Kontaktformular<\/a><\/p>\n","protected":false},"excerpt":{"rendered":"<p>Sie erhalten von mir eine Privatrechnung, welche Sie ggf. bei Ihrer privaten Kranken- oder Zusatzversicherung einreichen k\u00f6nnen. Ob und in welcher H\u00f6he Sie dort eine Erstattung erhalten, ist abh\u00e4ngig von Ihrem Tarif. Meine Praxis ist eine Bestellpraxis. Zur Terminvereinbarung rufen Sie mich einfach an: Telefon 06257 \/ 9915820 oder Sie schreiben mir eine Nachricht: Kontaktformular<\/p>\n","protected":false},"author":1,"featured_media":0,"parent":0,"menu_order":0,"comment_status":"closed","ping_status":"closed","template":"","meta":[],"_links":{"self":[{"href":"https:\/\/petrawill.de\/index.php?rest_route=\/wp\/v2\/pages\/15"}],"collection":[{"href":"https:\/\/petrawill.de\/index.php?rest_route=\/wp\/v2\/pages"}],"about":[{"href":"https:\/\/petrawill.de\/index.php?rest_route=\/wp\/v2\/types\/page"}],"author":[{"embeddable":true,"href":"https:\/\/petrawill.de\/index.php?rest_route=\/wp\/v2\/users\/1"}],"replies":[{"embeddable":true,"href":"https:\/\/petrawill.de\/index.php?rest_route=%2Fwp%2Fv2%2Fcomments&post=15"}],"version-history":[{"count":4,"href":"https:\/\/petrawill.de\/index.php?rest_route=\/wp\/v2\/pages\/15\/revisions"}],"predecessor-version":[{"id":83,"href":"https:\/\/petrawill.de\/index.php?rest_route=\/wp\/v2\/pages\/15\/revisions\/83"}],"wp:attachment":[{"href":"https:\/\/petrawill.de\/index.php?rest_route=%2Fwp%2Fv2%2Fmedia&parent=15"}],"curies":[{"name":"wp","href":"https:\/\/api.w.org\/{rel}","templated":true}]}}