{"id":13,"date":"2019-03-09T16:02:28","date_gmt":"2019-03-09T16:02:28","guid":{"rendered":"http:\/\/petrawill.de\/?page_id=13"},"modified":"2022-01-09T09:26:51","modified_gmt":"2022-01-09T08:26:51","slug":"impressum","status":"publish","type":"page","link":"https:\/\/petrawill.de\/?page_id=13","title":{"rendered":"Impressum"},"content":{"rendered":"\n<p><strong>Kontakt<\/strong><br>Naturheilpraxis Petra Will<br>H\u00e4hnleiner Stra\u00dfe 20 <br>64665 Alsbach &#8211; H\u00e4hnlein<br>Telefon: 06257 \/ 9915820<br>E-Mail:  praxis (at ) petrawill.de      <em>(bitte ersetzen Sie (at) durch @)<\/em><\/p>\n\n\n\n<p><strong>Gesetzliche Berufsbezeichnung<\/strong><br>Heilpraktikerin (verliehen in der Bundesrepublik Deutschland)<\/p>\n\n\n\n<p><strong>Beh\u00f6rdliche Zulassung<\/strong><br>Erlaubnis zur Aus\u00fcbung der Heilkunde ohne Bestallung erteilt vom Landrat des Landkreises Darmstadt &#8211; Dieburg am 24.11.2015<\/p>\n\n\n\n<p><strong>Zust\u00e4ndige Aufsichtsbeh\u00f6rde<\/strong><br>Gesundheitsamt Darmstadt, Niersteiner Stra\u00dfe 3, 64295 Darmstadt<\/p>\n\n\n\n<p><strong>Verbandsmitgliedschaft<\/strong><br>Verband Unabh\u00e4ngiger Heilpraktiker e. V., G\u00f6rdelinger Stra\u00dfe 47, 38100 Braunschweig<\/p>\n\n\n\n<p><strong>Berufsrechtliche Regelung und Zugang zu diesen Regelungen<\/strong><br>Heilpraktikergesetz (HeilprG, BGBI. III 2122-2) &#8211; Gesetz \u00fcber die berufsm\u00e4\u00dfige Aus\u00fcbung der Heilkunde ohne Bestallung<br>Erste Durchf\u00fchrungsverordnung zum Gesetz \u00fcber die berufsm\u00e4\u00dfige Aus\u00fcbung der Heilkunde ohne Bestallung (HeilprGDV1, BGBI.III 2122-2-1)<br>Die Gesetze k\u00f6nnen auf der Internetseite des Bundesministeriums der Justiz eingesehen werden: www.gesetze-im-internet.de<\/p>\n\n\n\n<p><strong>Zust\u00e4ndige Finanzbeh\u00f6rde<\/strong><br>Finanzamt Darmstadt, Soderstra\u00dfe 30, 64283 Darmstadt<br>Nach \u00a7 4 Nr.14a UStG bin ich von der Umsatzsteuer befreit<\/p>\n\n\n\n<p><strong>Inhaltlich verantwortlich<\/strong><br>Petra Will<\/p>\n\n\n\n<p><strong>Lizenzrechtliche Verwertung der Bilder<\/strong><br>Eigene Fotos<\/p>\n\n\n\n<p><strong>Haftungshinweis \/ verlinkte Internetseiten<\/strong><br>Trotz sorgf\u00e4ltiger inhaltlicher Kontrolle \u00fcbernehmen wir keine Haftung f\u00fcr die Inhalte externer Links. F\u00fcr den Inhalt der verlinkten Seiten sind ausschlie\u00dflich deren Betreiber verantwortlich. <\/p>\n\n\n\n<p>Bitte beachten Sie: Bei der hier vorgestellten Behandlungsmethode handelt es sich um Therapieverfahren der naturheilkundlichen Erfahrungsmedizin, die nicht zu den allgemein anerkannten Methoden im Sinne einer Anerkennung durch die Schulmedizin geh\u00f6ren. Alle getroffenen Aussagen \u00fcber Eigenschaften und Wirkungen sowie Indikationen der vorgestellten Therapieverfahren beruhen auf den Erkenntnissen und Erfahrungen in der jeweiligen Therapierichtung selbst, die von der Schulmedizin nicht geteilt werden.<\/p>\n\n\n\n<p>Die <strong>Datenschutzerkl\u00e4rung <\/strong>finden Sie <a href=\"http:\/\/petrawill.de\/?page_id=42\">hier<\/a>.<\/p>\n","protected":false},"excerpt":{"rendered":"<p>KontaktNaturheilpraxis Petra WillH\u00e4hnleiner Stra\u00dfe 20 64665 Alsbach &#8211; H\u00e4hnleinTelefon: 06257 \/ 9915820E-Mail: praxis (at ) petrawill.de (bitte ersetzen Sie (at) durch @) Gesetzliche BerufsbezeichnungHeilpraktikerin (verliehen in der Bundesrepublik Deutschland) Beh\u00f6rdliche ZulassungErlaubnis zur Aus\u00fcbung der Heilkunde ohne Bestallung erteilt vom Landrat des Landkreises Darmstadt &#8211; Dieburg am 24.11.2015 Zust\u00e4ndige Aufsichtsbeh\u00f6rdeGesundheitsamt Darmstadt, Niersteiner Stra\u00dfe 3, 64295 Darmstadt &hellip; <\/p>\n<p class=\"link-more\"><a href=\"https:\/\/petrawill.de\/?page_id=13\" class=\"more-link\"><span class=\"screen-reader-text\">\u201eImpressum\u201c<\/span> weiterlesen<\/a><\/p>\n","protected":false},"author":1,"featured_media":0,"parent":0,"menu_order":0,"comment_status":"closed","ping_status":"closed","template":"","meta":[],"_links":{"self":[{"href":"https:\/\/petrawill.de\/index.php?rest_route=\/wp\/v2\/pages\/13"}],"collection":[{"href":"https:\/\/petrawill.de\/index.php?rest_route=\/wp\/v2\/pages"}],"about":[{"href":"https:\/\/petrawill.de\/index.php?rest_route=\/wp\/v2\/types\/page"}],"author":[{"embeddable":true,"href":"https:\/\/petrawill.de\/index.php?rest_route=\/wp\/v2\/users\/1"}],"replies":[{"embeddable":true,"href":"https:\/\/petrawill.de\/index.php?rest_route=%2Fwp%2Fv2%2Fcomments&post=13"}],"version-history":[{"count":9,"href":"https:\/\/petrawill.de\/index.php?rest_route=\/wp\/v2\/pages\/13\/revisions"}],"predecessor-version":[{"id":2800,"href":"https:\/\/petrawill.de\/index.php?rest_route=\/wp\/v2\/pages\/13\/revisions\/2800"}],"wp:attachment":[{"href":"https:\/\/petrawill.de\/index.php?rest_route=%2Fwp%2Fv2%2Fmedia&parent=13"}],"curies":[{"name":"wp","href":"https:\/\/api.w.org\/{rel}","templated":true}]}}