{"id":10,"date":"2019-03-09T16:01:45","date_gmt":"2019-03-09T16:01:45","guid":{"rendered":"http:\/\/petrawill.de\/?page_id=10"},"modified":"2022-01-09T09:29:50","modified_gmt":"2022-01-09T08:29:50","slug":"kontakt","status":"publish","type":"page","link":"https:\/\/petrawill.de\/?page_id=10","title":{"rendered":"Kontakt"},"content":{"rendered":"\n<p>Naturheilpraxis Petra Will<br>H\u00e4hnleiner Stra\u00dfe 20<br>64665 Alsbach &#8211; H\u00e4hnlein<\/p>\n\n\n\n<p>Telefon: 06257 \/ 9915820<\/p>\n\n\n\n<p>Das nachstehende Kontaktformular hat zzt. ein technisches Problem und Nachrichten erreichen mich leider nicht.. Solange an der L\u00f6sung gearbeitet wird, k\u00f6nnen Sie mir gerne eine<strong> E-Mail an  praxis (at ) petrawill.de senden<\/strong> <em>(bitte (at) durch @ ersetzen)<\/em>. Danke.<\/p>\n\n\n\n<p>Bitte schreiben Sie mir eine Nachricht:<\/p>\n\n\n<form enctype=\"multipart\/form-data\" method=\"post\" id=\"psfb26\" action=\"https:\/\/petrawill.de\/?page_id=10\" class=\"planso-form-builder\" data-id=\"26\" data-cnt=\"1\" id=\"planso_forms_26_1\" data-locale=\"de\" data-locale_long=\"de_DE\" data-datepicker=\"bootstrap-datetimepicker\" data-date_format=\"F j, Y\" data-moment_date_format=\"MMMM D, YYYY\" data-jqueryui_date_format=\"MM d, yy\" data-eternicode_date_format=\"MM d, yyyy\"><style type=\"text\/css\">#psfb26 .has-error,#psfb26 .has-error label.control-label{color:#DD0000;}#psfb26 .has-error input,#psfb26 .has-error textarea,#psfb26 .has-error select{color:#DD0000;border-color:#DD0000;}#psfb26 .has-success,#psfb26 .has-success label.control-label{color:#339933;}#psfb26 .has-success input,#psfb26 .has-success textarea,#psfb26 .has-success select{color:#339933;border-color:#339933;}#psfb26 .has-warning,#psfb26 .has-warning label.control-label{color:#DD9900;}#psfb26 .has-warning input,#psfb26 .has-warning textarea,#psfb26 .has-warning select{color:#DD9900;border-color:#DD9900;}<\/style><div class=\"container-fluid\"><input type=\"hidden\" name=\"psfb_pageurl\" value=\"https:\/\/petrawill.de\/?page_id=10\"\/><input type=\"hidden\" name=\"psfb_userip\" value=\"216.73.216.2\"\/><input type=\"hidden\" name=\"psfb_useragent\" value=\"Mozilla\/5.0 AppleWebKit\/537.36 (KHTML, like Gecko; compatible; ClaudeBot\/1.0; +claudebot@anthropic.com)\"\/><input type=\"hidden\" name=\"psfb_landingpage\" value=\"http:\/\/petrawill.de\/index.php?rest_route=%2Fwp%2Fv2%2Fpages%2F10\"\/><input type=\"hidden\" name=\"psfb_referer\" value=\"Direct\"\/><input type=\"hidden\" name=\"psfb_page_id\" value=\"10\"\/><input type=\"hidden\" name=\"psfb_form_submit\" value=\"1\"\/><input type=\"hidden\" name=\"psfb_form_id\" value=\"26\"\/><input type=\"hidden\" name=\"psfb_form_cnt\" value=\"1\"\/><div style=\"display:none\"><input type=\"text\" name=\"psfb_hon_as\"\/><\/div><div style=\"display:none\"><input type=\"text\" name=\"psfb_hon_as2\" id=\"psfb_hon_as2_26_1\" value=\"754566660288aa45f8ceea96678fe1b8\"\/><\/div><div style=\"display:none\"><input type=\"text\" name=\"psfb_cnt_check\" value=\"1\"\/><\/div><div class=\"row\"><div class=\"col-md-12\"><div class=\"form-group psfb-single-container\"><label class=\"control-label\" for=\"psfield_26_1\">Name<\/label><input type=\"text\" name=\"Name\" class=\"form-control \" id=\"psfield_26_1\" style=\"\"\/><\/div><\/div><\/div><div class=\"row\"><div class=\"col-md-12\"><div class=\"form-group psfb-single-container\"><label class=\"control-label\" for=\"psfield_26_2\">E-Mail<\/label><input type=\"email\" name=\"E_Mail\" class=\"form-control \" id=\"psfield_26_2\" style=\"\"\/><\/div><\/div><\/div><div class=\"row\"><div class=\"col-md-12\"><div class=\"form-group psfb-single-container\"><label class=\"control-label\" for=\"psfield_26_3\">Telefon<\/label><input type=\"tel\" name=\"Telefon\" class=\"form-control \" id=\"psfield_26_3\" style=\"\"\/><\/div><\/div><\/div><div class=\"row\"><div class=\"col-md-12\"><div class=\"form-group psfb-single-container\"><label class=\"control-label\" for=\"psfield_26_4\">Mehrzeiliger Text<\/label><textarea name=\"Mehrzeiliger_Text\" class=\"form-control \" id=\"psfield_26_4\" style=\"\"><\/textarea><\/div><\/div><\/div><div class=\"row\"><div class=\"col-md-12\"><div class=\"form-group psfb-single-container\"><div style=\"position:relative;z-index:1;\"><button type=\"submit\" class=\"btn btn-primary             \" id=\"psfield_26_5\" style=\"\">Senden<\/button><\/div><\/div><\/div><\/div><\/div><\/form>\n","protected":false},"excerpt":{"rendered":"<p>Naturheilpraxis Petra WillH\u00e4hnleiner Stra\u00dfe 2064665 Alsbach &#8211; H\u00e4hnlein Telefon: 06257 \/ 9915820 Das nachstehende Kontaktformular hat zzt. ein technisches Problem und Nachrichten erreichen mich leider nicht.. Solange an der L\u00f6sung gearbeitet wird, k\u00f6nnen Sie mir gerne eine E-Mail an praxis (at ) petrawill.de senden (bitte (at) durch @ ersetzen). Danke. Bitte schreiben Sie mir eine &hellip; <\/p>\n<p class=\"link-more\"><a href=\"https:\/\/petrawill.de\/?page_id=10\" class=\"more-link\"><span class=\"screen-reader-text\">\u201eKontakt\u201c<\/span> weiterlesen<\/a><\/p>\n","protected":false},"author":1,"featured_media":0,"parent":0,"menu_order":0,"comment_status":"closed","ping_status":"closed","template":"","meta":[],"_links":{"self":[{"href":"https:\/\/petrawill.de\/index.php?rest_route=\/wp\/v2\/pages\/10"}],"collection":[{"href":"https:\/\/petrawill.de\/index.php?rest_route=\/wp\/v2\/pages"}],"about":[{"href":"https:\/\/petrawill.de\/index.php?rest_route=\/wp\/v2\/types\/page"}],"author":[{"embeddable":true,"href":"https:\/\/petrawill.de\/index.php?rest_route=\/wp\/v2\/users\/1"}],"replies":[{"embeddable":true,"href":"https:\/\/petrawill.de\/index.php?rest_route=%2Fwp%2Fv2%2Fcomments&post=10"}],"version-history":[{"count":9,"href":"https:\/\/petrawill.de\/index.php?rest_route=\/wp\/v2\/pages\/10\/revisions"}],"predecessor-version":[{"id":2801,"href":"https:\/\/petrawill.de\/index.php?rest_route=\/wp\/v2\/pages\/10\/revisions\/2801"}],"wp:attachment":[{"href":"https:\/\/petrawill.de\/index.php?rest_route=%2Fwp%2Fv2%2Fmedia&parent=10"}],"curies":[{"name":"wp","href":"https:\/\/api.w.org\/{rel}","templated":true}]}}